{"id":28230,"date":"2024-02-29T12:49:03","date_gmt":"2024-02-29T11:49:03","guid":{"rendered":"https:\/\/www.sogos-fanam.cz\/services-and-solutions\/moving-assembly-lines-and-production-halls\/"},"modified":"2024-06-27T08:50:14","modified_gmt":"2024-06-27T06:50:14","slug":"moving-assembly-lines-and-production-halls","status":"publish","type":"page","link":"https:\/\/www.sogos-fanam.cz\/en\/services-and-solutions\/moving-assembly-lines-and-production-halls\/","title":{"rendered":"Moving assembly lines and production halls"},"content":{"rendered":"\t\t<div data-elementor-type=\"wp-page\" data-elementor-id=\"28230\" class=\"elementor elementor-28230 elementor-449\" data-elementor-post-type=\"page\">\n\t\t\t\t<div class=\"elementor-element elementor-element-c3e29ef wrap services e-flex e-con-boxed e-con e-parent\" data-id=\"c3e29ef\" data-element_type=\"container\" id=\"headline\">\n\t\t\t\t\t<div class=\"e-con-inner\">\n\t\t<div class=\"elementor-element elementor-element-9975d19 in e-flex e-con-boxed e-con e-child\" data-id=\"9975d19\" data-element_type=\"container\">\n\t\t\t\t\t<div class=\"e-con-inner\">\n\t\t\t\t<div class=\"elementor-element elementor-element-29e739b elementor-widget elementor-widget-heading\" data-id=\"29e739b\" data-element_type=\"widget\" data-widget_type=\"heading.default\">\n\t\t\t\t<div class=\"elementor-widget-container\">\n\t\t\t\t\t<h1 class=\"elementor-heading-title elementor-size-default\">Moving assembly lines and production halls\n\n<\/h1>\t\t\t\t<\/div>\n\t\t\t\t<\/div>\n\t\t\t\t\t<\/div>\n\t\t\t\t<\/div>\n\t\t<div class=\"elementor-element elementor-element-2d27695 background e-flex e-con-boxed e-con e-child\" data-id=\"2d27695\" data-element_type=\"container\">\n\t\t\t\t\t<div class=\"e-con-inner\">\n\t\t\t\t<div class=\"elementor-element elementor-element-ec74aed elementor-widget elementor-widget-image\" data-id=\"ec74aed\" data-element_type=\"widget\" data-widget_type=\"image.default\">\n\t\t\t\t<div class=\"elementor-widget-container\">\n\t\t\t\t\t\t\t\t\t\t\t\t\t\t\t<img fetchpriority=\"high\" decoding=\"async\" width=\"2560\" height=\"391\" src=\"https:\/\/www.sogos-fanam.cz\/wp-content\/uploads\/bg-headline-scaled.jpg\" class=\"attachment-full size-full wp-image-344\" alt=\"\" srcset=\"https:\/\/www.sogos-fanam.cz\/wp-content\/uploads\/bg-headline-scaled.jpg 2560w, https:\/\/www.sogos-fanam.cz\/wp-content\/uploads\/bg-headline-scaled-300x46.jpg 300w, https:\/\/www.sogos-fanam.cz\/wp-content\/uploads\/bg-headline-scaled-1024x156.jpg 1024w, https:\/\/www.sogos-fanam.cz\/wp-content\/uploads\/bg-headline-scaled-768x117.jpg 768w, https:\/\/www.sogos-fanam.cz\/wp-content\/uploads\/bg-headline-scaled-1536x235.jpg 1536w, https:\/\/www.sogos-fanam.cz\/wp-content\/uploads\/bg-headline-scaled-2048x313.jpg 2048w\" sizes=\"(max-width: 2560px) 100vw, 2560px\" \/>\t\t\t\t\t\t\t\t\t\t\t\t\t\t\t<\/div>\n\t\t\t\t<\/div>\n\t\t\t\t\t<\/div>\n\t\t\t\t<\/div>\n\t\t\t\t\t<\/div>\n\t\t\t\t<\/div>\n\t\t<div class=\"elementor-element elementor-element-40649ad wrap e-flex e-con-boxed e-con e-parent\" data-id=\"40649ad\" data-element_type=\"container\" id=\"service\">\n\t\t\t\t\t<div class=\"e-con-inner\">\n\t\t<div class=\"elementor-element elementor-element-e5d2d7d in e-flex e-con-boxed e-con e-child\" data-id=\"e5d2d7d\" data-element_type=\"container\">\n\t\t\t\t\t<div class=\"e-con-inner\">\n\t\t<div class=\"elementor-element elementor-element-c6b86cd content e-flex e-con-boxed e-con e-child\" data-id=\"c6b86cd\" data-element_type=\"container\">\n\t\t\t\t\t<div class=\"e-con-inner\">\n\t\t\t\t<div class=\"elementor-element elementor-element-a8f6bc2 image elementor-widget elementor-widget-image\" data-id=\"a8f6bc2\" data-element_type=\"widget\" data-widget_type=\"image.default\">\n\t\t\t\t<div class=\"elementor-widget-container\">\n\t\t\t\t\t\t\t\t\t\t\t\t\t\t\t<img decoding=\"async\" src=\"https:\/\/res.cloudinary.com\/duvmkiwjs\/images\/w_2560,h_1619,c_scale\/v1716457582\/r5c-9515-min\/r5c-9515-min.?_i=AA\" title=\"\" alt=\"Obr\u00e1zek - st\u011bhov\u00e1n\u00ed mont\u00e1\u017en\u00edch linek\" loading=\"lazy\" \/>\t\t\t\t\t\t\t\t\t\t\t\t\t\t\t<\/div>\n\t\t\t\t<\/div>\n\t\t\t\t<div class=\"elementor-element elementor-element-9b252ed parex elementor-widget elementor-widget-text-editor\" data-id=\"9b252ed\" data-element_type=\"widget\" data-widget_type=\"text-editor.default\">\n\t\t\t\t<div class=\"elementor-widget-container\">\n\t\t\t\t\t\t\t\t\t<p><strong>Our company has an expert team and special moving equipment for professional production lines and halls moving.<\/strong><\/p>\n\t\t\t\t\t\t\t\t<\/div>\n\t\t\t\t<\/div>\n\t\t\t\t<div class=\"elementor-element elementor-element-d7af6fc elementor-widget elementor-widget-text-editor\" data-id=\"d7af6fc\" data-element_type=\"widget\" data-widget_type=\"text-editor.default\">\n\t\t\t\t<div class=\"elementor-widget-container\">\n\t\t\t\t\t\t\t\t\t<p>Our efficient and thorough moving process ensures minimal disruption to your operations. We meticulously plan, professionally disconnect, and dismantle your equipment before transport. We then load and transport it safely to the designated location. Finally, we reassemble everything, including connecting pipes and ducts. So your employees can immediately resume operations.<\/p>\n<p>Our specialist teams are trained to handle different types of machines and equipment. Safety is our priority, so we pay special attention to the training of our employees.<\/p>\n<p>We communicate openly and clearly with our customers, keeping them informed at every step of the process so that we can achieve optimum results together.<\/p>\n<p>With our team, you can rest assured that your production line or hall move will be handled with the utmost care and minimal impact on your production.<\/p>\n\t\t\t\t\t\t\t\t<\/div>\n\t\t\t\t<\/div>\n\t\t\t\t\t<\/div>\n\t\t\t\t<\/div>\n\t\t<div class=\"elementor-element elementor-element-da62c32 other e-flex e-con-boxed e-con e-child\" data-id=\"da62c32\" data-element_type=\"container\">\n\t\t\t\t\t<div class=\"e-con-inner\">\n\t\t\t\t<div class=\"elementor-element elementor-element-d6aaffb elementor-widget elementor-widget-template\" data-id=\"d6aaffb\" data-element_type=\"widget\" data-widget_type=\"template.default\">\n\t\t\t\t<div class=\"elementor-widget-container\">\n\t\t\t\t\t\t\t<div class=\"elementor-template\">\n\t\t\t\t\t<div data-elementor-type=\"container\" data-elementor-id=\"31284\" class=\"elementor elementor-31284 elementor-491 elementor-491\" data-elementor-post-type=\"elementor_library\">\n\t\t\t\t<div class=\"elementor-element elementor-element-6a3cfbcc elm-services-list e-flex e-con-boxed e-con e-child\" data-id=\"6a3cfbcc\" data-element_type=\"container\">\n\t\t\t\t\t<div class=\"e-con-inner\">\n\t\t\t\t<div class=\"elementor-element elementor-element-c4e86d1 elementor-widget elementor-widget-heading\" data-id=\"c4e86d1\" data-element_type=\"widget\" data-widget_type=\"heading.default\">\n\t\t\t\t<div class=\"elementor-widget-container\">\n\t\t\t\t\t<h2 class=\"elementor-heading-title elementor-size-default\">Another services<\/h2>\t\t\t\t<\/div>\n\t\t\t\t<\/div>\n\t\t\t\t<div class=\"elementor-element elementor-element-2d91099e elementor-widget elementor-widget-text-editor\" data-id=\"2d91099e\" data-element_type=\"widget\" data-widget_type=\"text-editor.default\">\n\t\t\t\t<div class=\"elementor-widget-container\">\n\t\t\t\t\t\t\t\t\t<ul>\n<li><a href=\"https:\/\/www.sogos-fanam.cz\/en\/services-and-solutions\/general-repairs-of-machines\/\">General repairs of machines<\/a><\/li>\n<li><a href=\"https:\/\/www.sogos-fanam.cz\/en\/services-and-solutions\/moving-assembly-lines-and-production-halls\/\">Moving assembly lines and production halls<\/a><\/li>\n<li><a href=\"https:\/\/www.sogos-fanam.cz\/en\/services-and-solutions\/manufacture-and-installation-of-pneumatic-and-electrical-switchboards\/\">Manufacture and installation of pneumatic and electrical switchboards<\/a><\/li>\n<li><a href=\"https:\/\/www.sogos-fanam.cz\/en\/services-and-solutions\/design-and-manufacture-of-machines\/\">Design and manufacture of machines<\/a><\/li>\n<li><a href=\"https:\/\/www.sogos-fanam.cz\/en\/services-and-solutions\/production-of-spare-parts\/\">Production of spare parts<\/a><\/li>\n<li><a href=\"https:\/\/www.sogos-fanam.cz\/en\/services-and-solutions\/milling-and-machining\/\">Milling and machining<\/a><\/li>\n<li><a href=\"https:\/\/www.sogos-fanam.cz\/en\/services-and-solutions\/realization-of-piping-distribution\/\">Realization of piping distribution<\/a><\/li>\n<li><a href=\"https:\/\/www.sogos-fanam.cz\/en\/services-and-solutions\/welding-workshop-and-welding-school\/\">Welding workshop and welding school<\/a><\/li>\n<li><a href=\"https:\/\/www.sogos-fanam.cz\/en\/services-and-solutions\/manufacture-of-steel-structures\/\">Manufacture of steel structures<\/a><\/li>\n<li><a href=\"https:\/\/www.sogos-fanam.cz\/en\/services-and-solutions\/rytebna\/\">Rytebna<\/a><\/li>\n<li><a href=\"https:\/\/www.sogos-fanam.cz\/en\/services-and-solutions\/service-inspection-and-revision-of-appliances-and-hand-tools\/\">Service, inspection and revision of appliances and hand tools<\/a><\/li>\n<\/ul>\n\t\t\t\t\t\t\t\t<\/div>\n\t\t\t\t<\/div>\n\t\t\t\t\t<\/div>\n\t\t\t\t<\/div>\n\t\t\t\t<\/div>\n\t\t\t\t<\/div>\n\t\t\t\t\t\t<\/div>\n\t\t\t\t<\/div>\n\t\t\t\t\t<\/div>\n\t\t\t\t<\/div>\n\t\t\t\t\t<\/div>\n\t\t\t\t<\/div>\n\t\t\t\t\t<\/div>\n\t\t\t\t<\/div>\n\t\t\t\t<\/div>\n\t\t","protected":false},"excerpt":{"rendered":"<p>Moving assembly lines and production halls Our company has an expert team and special moving equipment for professional production lines and halls moving. Our efficient and thorough moving process ensures minimal disruption to your operations. We meticulously plan, professionally disconnect, and dismantle your equipment before transport. We then load and transport it safely to the [&hellip;]<\/p>\n","protected":false},"author":1,"featured_media":0,"parent":19019,"menu_order":1,"comment_status":"closed","ping_status":"closed","template":"","meta":{"footnotes":""},"class_list":["post-28230","page","type-page","status-publish","hentry"],"yoast_head":"<!-- This site is optimized with the Yoast SEO plugin v27.5 - https:\/\/yoast.com\/product\/yoast-seo-wordpress\/ -->\n<title>Moving assembly lines and production halls - Sogos Fanam<\/title>\n<meta name=\"description\" content=\"Our company has an expert team and special moving equipment for professional production lines and halls moving.\" \/>\n<meta name=\"robots\" content=\"index, follow, max-snippet:-1, max-image-preview:large, max-video-preview:-1\" \/>\n<link rel=\"canonical\" href=\"https:\/\/www.sogos-fanam.cz\/en\/services-and-solutions\/moving-assembly-lines-and-production-halls\/\" \/>\n<meta property=\"og:locale\" content=\"en_US\" \/>\n<meta property=\"og:type\" content=\"article\" \/>\n<meta property=\"og:title\" content=\"Moving assembly lines and production halls - Sogos Fanam\" \/>\n<meta property=\"og:description\" content=\"Our company has an expert team and special moving equipment for professional production lines and halls moving.\" \/>\n<meta property=\"og:url\" content=\"https:\/\/www.sogos-fanam.cz\/en\/services-and-solutions\/moving-assembly-lines-and-production-halls\/\" \/>\n<meta property=\"og:site_name\" content=\"Sogos Fanam\" \/>\n<meta property=\"article:modified_time\" content=\"2024-06-27T06:50:14+00:00\" \/>\n<meta property=\"og:image\" content=\"https:\/\/www.sogos-fanam.cz\/wp-content\/uploads\/bg-headline-scaled.jpg\" \/>\n<meta name=\"twitter:card\" content=\"summary_large_image\" \/>\n<meta name=\"twitter:label1\" content=\"Est. reading time\" \/>\n\t<meta name=\"twitter:data1\" content=\"1 minute\" \/>\n<script type=\"application\/ld+json\" class=\"yoast-schema-graph\">{\"@context\":\"https:\\\/\\\/schema.org\",\"@graph\":[{\"@type\":\"WebPage\",\"@id\":\"https:\\\/\\\/www.sogos-fanam.cz\\\/en\\\/services-and-solutions\\\/moving-assembly-lines-and-production-halls\\\/\",\"url\":\"https:\\\/\\\/www.sogos-fanam.cz\\\/en\\\/services-and-solutions\\\/moving-assembly-lines-and-production-halls\\\/\",\"name\":\"Moving assembly lines and production halls - Sogos Fanam\",\"isPartOf\":{\"@id\":\"https:\\\/\\\/www.sogos-fanam.cz\\\/en\\\/#website\"},\"primaryImageOfPage\":{\"@id\":\"https:\\\/\\\/www.sogos-fanam.cz\\\/en\\\/services-and-solutions\\\/moving-assembly-lines-and-production-halls\\\/#primaryimage\"},\"image\":{\"@id\":\"https:\\\/\\\/www.sogos-fanam.cz\\\/en\\\/services-and-solutions\\\/moving-assembly-lines-and-production-halls\\\/#primaryimage\"},\"thumbnailUrl\":\"https:\\\/\\\/www.sogos-fanam.cz\\\/wp-content\\\/uploads\\\/bg-headline-scaled.jpg\",\"datePublished\":\"2024-02-29T11:49:03+00:00\",\"dateModified\":\"2024-06-27T06:50:14+00:00\",\"description\":\"Our company has an expert team and special moving equipment for professional production lines and halls moving.\",\"breadcrumb\":{\"@id\":\"https:\\\/\\\/www.sogos-fanam.cz\\\/en\\\/services-and-solutions\\\/moving-assembly-lines-and-production-halls\\\/#breadcrumb\"},\"inLanguage\":\"en-US\",\"potentialAction\":[{\"@type\":\"ReadAction\",\"target\":[\"https:\\\/\\\/www.sogos-fanam.cz\\\/en\\\/services-and-solutions\\\/moving-assembly-lines-and-production-halls\\\/\"]}]},{\"@type\":\"ImageObject\",\"inLanguage\":\"en-US\",\"@id\":\"https:\\\/\\\/www.sogos-fanam.cz\\\/en\\\/services-and-solutions\\\/moving-assembly-lines-and-production-halls\\\/#primaryimage\",\"url\":\"https:\\\/\\\/www.sogos-fanam.cz\\\/wp-content\\\/uploads\\\/bg-headline-scaled.jpg\",\"contentUrl\":\"https:\\\/\\\/www.sogos-fanam.cz\\\/wp-content\\\/uploads\\\/bg-headline-scaled.jpg\"},{\"@type\":\"BreadcrumbList\",\"@id\":\"https:\\\/\\\/www.sogos-fanam.cz\\\/en\\\/services-and-solutions\\\/moving-assembly-lines-and-production-halls\\\/#breadcrumb\",\"itemListElement\":[{\"@type\":\"ListItem\",\"position\":1,\"name\":\"Dom\u016f\",\"item\":\"https:\\\/\\\/www.sogos-fanam.cz\\\/en\\\/\"},{\"@type\":\"ListItem\",\"position\":2,\"name\":\"Services and solutions\",\"item\":\"https:\\\/\\\/www.sogos-fanam.cz\\\/en\\\/sluzby-a-reseni\\\/\"},{\"@type\":\"ListItem\",\"position\":3,\"name\":\"Moving assembly lines and production halls\"}]},{\"@type\":\"WebSite\",\"@id\":\"https:\\\/\\\/www.sogos-fanam.cz\\\/en\\\/#website\",\"url\":\"https:\\\/\\\/www.sogos-fanam.cz\\\/en\\\/\",\"name\":\"Sogos Fanam\",\"description\":\"Sogos Fanam\",\"publisher\":{\"@id\":\"https:\\\/\\\/www.sogos-fanam.cz\\\/en\\\/#organization\"},\"potentialAction\":[{\"@type\":\"SearchAction\",\"target\":{\"@type\":\"EntryPoint\",\"urlTemplate\":\"https:\\\/\\\/www.sogos-fanam.cz\\\/en\\\/?s={search_term_string}\"},\"query-input\":{\"@type\":\"PropertyValueSpecification\",\"valueRequired\":true,\"valueName\":\"search_term_string\"}}],\"inLanguage\":\"en-US\"},{\"@type\":\"Organization\",\"@id\":\"https:\\\/\\\/www.sogos-fanam.cz\\\/en\\\/#organization\",\"name\":\"Sogos Fanam\",\"url\":\"https:\\\/\\\/www.sogos-fanam.cz\\\/en\\\/\",\"logo\":{\"@type\":\"ImageObject\",\"inLanguage\":\"en-US\",\"@id\":\"https:\\\/\\\/www.sogos-fanam.cz\\\/en\\\/#\\\/schema\\\/logo\\\/image\\\/\",\"url\":\"https:\\\/\\\/www.sogos-fanam.cz\\\/wp-content\\\/uploads\\\/logo.svg\",\"contentUrl\":\"https:\\\/\\\/www.sogos-fanam.cz\\\/wp-content\\\/uploads\\\/logo.svg\",\"caption\":\"Sogos Fanam\"},\"image\":{\"@id\":\"https:\\\/\\\/www.sogos-fanam.cz\\\/en\\\/#\\\/schema\\\/logo\\\/image\\\/\"}}]}<\/script>\n<!-- \/ Yoast SEO plugin. -->","yoast_head_json":{"title":"Moving assembly lines and production halls - Sogos Fanam","description":"Our company has an expert team and special moving equipment for professional production lines and halls moving.","robots":{"index":"index","follow":"follow","max-snippet":"max-snippet:-1","max-image-preview":"max-image-preview:large","max-video-preview":"max-video-preview:-1"},"canonical":"https:\/\/www.sogos-fanam.cz\/en\/services-and-solutions\/moving-assembly-lines-and-production-halls\/","og_locale":"en_US","og_type":"article","og_title":"Moving assembly lines and production halls - Sogos Fanam","og_description":"Our company has an expert team and special moving equipment for professional production lines and halls moving.","og_url":"https:\/\/www.sogos-fanam.cz\/en\/services-and-solutions\/moving-assembly-lines-and-production-halls\/","og_site_name":"Sogos Fanam","article_modified_time":"2024-06-27T06:50:14+00:00","og_image":[{"url":"https:\/\/www.sogos-fanam.cz\/wp-content\/uploads\/bg-headline-scaled.jpg","type":"","width":"","height":""}],"twitter_card":"summary_large_image","twitter_misc":{"Est. reading time":"1 minute"},"schema":{"@context":"https:\/\/schema.org","@graph":[{"@type":"WebPage","@id":"https:\/\/www.sogos-fanam.cz\/en\/services-and-solutions\/moving-assembly-lines-and-production-halls\/","url":"https:\/\/www.sogos-fanam.cz\/en\/services-and-solutions\/moving-assembly-lines-and-production-halls\/","name":"Moving assembly lines and production halls - Sogos Fanam","isPartOf":{"@id":"https:\/\/www.sogos-fanam.cz\/en\/#website"},"primaryImageOfPage":{"@id":"https:\/\/www.sogos-fanam.cz\/en\/services-and-solutions\/moving-assembly-lines-and-production-halls\/#primaryimage"},"image":{"@id":"https:\/\/www.sogos-fanam.cz\/en\/services-and-solutions\/moving-assembly-lines-and-production-halls\/#primaryimage"},"thumbnailUrl":"https:\/\/www.sogos-fanam.cz\/wp-content\/uploads\/bg-headline-scaled.jpg","datePublished":"2024-02-29T11:49:03+00:00","dateModified":"2024-06-27T06:50:14+00:00","description":"Our company has an expert team and special moving equipment for professional production lines and halls moving.","breadcrumb":{"@id":"https:\/\/www.sogos-fanam.cz\/en\/services-and-solutions\/moving-assembly-lines-and-production-halls\/#breadcrumb"},"inLanguage":"en-US","potentialAction":[{"@type":"ReadAction","target":["https:\/\/www.sogos-fanam.cz\/en\/services-and-solutions\/moving-assembly-lines-and-production-halls\/"]}]},{"@type":"ImageObject","inLanguage":"en-US","@id":"https:\/\/www.sogos-fanam.cz\/en\/services-and-solutions\/moving-assembly-lines-and-production-halls\/#primaryimage","url":"https:\/\/www.sogos-fanam.cz\/wp-content\/uploads\/bg-headline-scaled.jpg","contentUrl":"https:\/\/www.sogos-fanam.cz\/wp-content\/uploads\/bg-headline-scaled.jpg"},{"@type":"BreadcrumbList","@id":"https:\/\/www.sogos-fanam.cz\/en\/services-and-solutions\/moving-assembly-lines-and-production-halls\/#breadcrumb","itemListElement":[{"@type":"ListItem","position":1,"name":"Dom\u016f","item":"https:\/\/www.sogos-fanam.cz\/en\/"},{"@type":"ListItem","position":2,"name":"Services and solutions","item":"https:\/\/www.sogos-fanam.cz\/en\/sluzby-a-reseni\/"},{"@type":"ListItem","position":3,"name":"Moving assembly lines and production halls"}]},{"@type":"WebSite","@id":"https:\/\/www.sogos-fanam.cz\/en\/#website","url":"https:\/\/www.sogos-fanam.cz\/en\/","name":"Sogos Fanam","description":"Sogos Fanam","publisher":{"@id":"https:\/\/www.sogos-fanam.cz\/en\/#organization"},"potentialAction":[{"@type":"SearchAction","target":{"@type":"EntryPoint","urlTemplate":"https:\/\/www.sogos-fanam.cz\/en\/?s={search_term_string}"},"query-input":{"@type":"PropertyValueSpecification","valueRequired":true,"valueName":"search_term_string"}}],"inLanguage":"en-US"},{"@type":"Organization","@id":"https:\/\/www.sogos-fanam.cz\/en\/#organization","name":"Sogos Fanam","url":"https:\/\/www.sogos-fanam.cz\/en\/","logo":{"@type":"ImageObject","inLanguage":"en-US","@id":"https:\/\/www.sogos-fanam.cz\/en\/#\/schema\/logo\/image\/","url":"https:\/\/www.sogos-fanam.cz\/wp-content\/uploads\/logo.svg","contentUrl":"https:\/\/www.sogos-fanam.cz\/wp-content\/uploads\/logo.svg","caption":"Sogos Fanam"},"image":{"@id":"https:\/\/www.sogos-fanam.cz\/en\/#\/schema\/logo\/image\/"}}]}},"_links":{"self":[{"href":"https:\/\/www.sogos-fanam.cz\/en\/wp-json\/wp\/v2\/pages\/28230","targetHints":{"allow":["GET"]}}],"collection":[{"href":"https:\/\/www.sogos-fanam.cz\/en\/wp-json\/wp\/v2\/pages"}],"about":[{"href":"https:\/\/www.sogos-fanam.cz\/en\/wp-json\/wp\/v2\/types\/page"}],"author":[{"embeddable":true,"href":"https:\/\/www.sogos-fanam.cz\/en\/wp-json\/wp\/v2\/users\/1"}],"replies":[{"embeddable":true,"href":"https:\/\/www.sogos-fanam.cz\/en\/wp-json\/wp\/v2\/comments?post=28230"}],"version-history":[{"count":3,"href":"https:\/\/www.sogos-fanam.cz\/en\/wp-json\/wp\/v2\/pages\/28230\/revisions"}],"predecessor-version":[{"id":28233,"href":"https:\/\/www.sogos-fanam.cz\/en\/wp-json\/wp\/v2\/pages\/28230\/revisions\/28233"}],"up":[{"embeddable":true,"href":"https:\/\/www.sogos-fanam.cz\/en\/wp-json\/wp\/v2\/pages\/19019"}],"wp:attachment":[{"href":"https:\/\/www.sogos-fanam.cz\/en\/wp-json\/wp\/v2\/media?parent=28230"}],"curies":[{"name":"wp","href":"https:\/\/api.w.org\/{rel}","templated":true}]}}