{"id":28354,"date":"2024-02-29T12:50:07","date_gmt":"2024-02-29T11:50:07","guid":{"rendered":"https:\/\/www.sogos-fanam.cz\/services-and-solutions\/production-of-spare-parts\/"},"modified":"2024-06-27T09:04:02","modified_gmt":"2024-06-27T07:04:02","slug":"production-of-spare-parts","status":"publish","type":"page","link":"https:\/\/www.sogos-fanam.cz\/en\/services-and-solutions\/production-of-spare-parts\/","title":{"rendered":"Production of spare parts"},"content":{"rendered":"\t\t<div data-elementor-type=\"wp-page\" data-elementor-id=\"28354\" class=\"elementor elementor-28354 elementor-453\" data-elementor-post-type=\"page\">\n\t\t\t\t<div class=\"elementor-element elementor-element-abd73a9 wrap services e-flex e-con-boxed e-con e-parent\" data-id=\"abd73a9\" data-element_type=\"container\" id=\"headline\">\n\t\t\t\t\t<div class=\"e-con-inner\">\n\t\t<div class=\"elementor-element elementor-element-6620645 in e-flex e-con-boxed e-con e-child\" data-id=\"6620645\" data-element_type=\"container\">\n\t\t\t\t\t<div class=\"e-con-inner\">\n\t\t\t\t<div class=\"elementor-element elementor-element-1b9c05e elementor-widget elementor-widget-heading\" data-id=\"1b9c05e\" data-element_type=\"widget\" data-widget_type=\"heading.default\">\n\t\t\t\t<div class=\"elementor-widget-container\">\n\t\t\t\t\t<h1 class=\"elementor-heading-title elementor-size-default\">Production of spare parts<\/h1>\t\t\t\t<\/div>\n\t\t\t\t<\/div>\n\t\t\t\t\t<\/div>\n\t\t\t\t<\/div>\n\t\t<div class=\"elementor-element elementor-element-6456663 background e-flex e-con-boxed e-con e-child\" data-id=\"6456663\" data-element_type=\"container\">\n\t\t\t\t\t<div class=\"e-con-inner\">\n\t\t\t\t<div class=\"elementor-element elementor-element-3a60ee7 elementor-widget elementor-widget-image\" data-id=\"3a60ee7\" data-element_type=\"widget\" data-widget_type=\"image.default\">\n\t\t\t\t<div class=\"elementor-widget-container\">\n\t\t\t\t\t\t\t\t\t\t\t\t\t\t\t<img fetchpriority=\"high\" decoding=\"async\" width=\"2560\" height=\"391\" src=\"https:\/\/www.sogos-fanam.cz\/wp-content\/uploads\/bg-headline-scaled.jpg\" class=\"attachment-full size-full wp-image-344\" alt=\"\" srcset=\"https:\/\/www.sogos-fanam.cz\/wp-content\/uploads\/bg-headline-scaled.jpg 2560w, https:\/\/www.sogos-fanam.cz\/wp-content\/uploads\/bg-headline-scaled-300x46.jpg 300w, https:\/\/www.sogos-fanam.cz\/wp-content\/uploads\/bg-headline-scaled-1024x156.jpg 1024w, https:\/\/www.sogos-fanam.cz\/wp-content\/uploads\/bg-headline-scaled-768x117.jpg 768w, https:\/\/www.sogos-fanam.cz\/wp-content\/uploads\/bg-headline-scaled-1536x235.jpg 1536w, https:\/\/www.sogos-fanam.cz\/wp-content\/uploads\/bg-headline-scaled-2048x313.jpg 2048w\" sizes=\"(max-width: 2560px) 100vw, 2560px\" \/>\t\t\t\t\t\t\t\t\t\t\t\t\t\t\t<\/div>\n\t\t\t\t<\/div>\n\t\t\t\t\t<\/div>\n\t\t\t\t<\/div>\n\t\t\t\t\t<\/div>\n\t\t\t\t<\/div>\n\t\t<div class=\"elementor-element elementor-element-683e414 wrap e-flex e-con-boxed e-con e-parent\" data-id=\"683e414\" data-element_type=\"container\" id=\"service\">\n\t\t\t\t\t<div class=\"e-con-inner\">\n\t\t<div class=\"elementor-element elementor-element-26b5c8e in e-flex e-con-boxed e-con e-child\" data-id=\"26b5c8e\" data-element_type=\"container\">\n\t\t\t\t\t<div class=\"e-con-inner\">\n\t\t<div class=\"elementor-element elementor-element-7bbcbca content e-flex e-con-boxed e-con e-child\" data-id=\"7bbcbca\" data-element_type=\"container\">\n\t\t\t\t\t<div class=\"e-con-inner\">\n\t\t\t\t<div class=\"elementor-element elementor-element-60bc3a5 image elementor-widget elementor-widget-image\" data-id=\"60bc3a5\" data-element_type=\"widget\" data-widget_type=\"image.default\">\n\t\t\t\t<div class=\"elementor-widget-container\">\n\t\t\t\t\t\t\t\t\t\t\t\t\t\t\t<img decoding=\"async\" width=\"768\" height=\"512\" src=\"https:\/\/www.sogos-fanam.cz\/wp-content\/uploads\/2024\/05\/r5c-8808-min-scaled-768x512.jpg\" class=\"attachment-medium_large size-medium_large wp-image-11202\" alt=\"Obr\u00e1zek - v\u00fdroba n\u00e1hradn\u00edch d\u00edl\u016f\" srcset=\"https:\/\/www.sogos-fanam.cz\/wp-content\/uploads\/2024\/05\/r5c-8808-min-scaled-768x512.jpg 768w, https:\/\/www.sogos-fanam.cz\/wp-content\/uploads\/2024\/05\/r5c-8808-min-scaled-300x200.jpg 300w, https:\/\/www.sogos-fanam.cz\/wp-content\/uploads\/2024\/05\/r5c-8808-min-scaled-1024x683.jpg 1024w, https:\/\/www.sogos-fanam.cz\/wp-content\/uploads\/2024\/05\/r5c-8808-min-scaled-1536x1025.jpg 1536w, https:\/\/www.sogos-fanam.cz\/wp-content\/uploads\/2024\/05\/r5c-8808-min-scaled-2048x1366.jpg 2048w\" sizes=\"(max-width: 768px) 100vw, 768px\" \/>\t\t\t\t\t\t\t\t\t\t\t\t\t\t\t<\/div>\n\t\t\t\t<\/div>\n\t\t\t\t<div class=\"elementor-element elementor-element-6624faf parex elementor-widget elementor-widget-text-editor\" data-id=\"6624faf\" data-element_type=\"widget\" data-widget_type=\"text-editor.default\">\n\t\t\t\t<div class=\"elementor-widget-container\">\n\t\t\t\t\t\t\t\t\t<p><strong>Machines in the rubber and plastics industry often have specific spare parts due to their specific purpose and demanding working environment.<\/strong><\/p>\n\t\t\t\t\t\t\t\t<\/div>\n\t\t\t\t<\/div>\n\t\t\t\t<div class=\"elementor-element elementor-element-9dc5873 elementor-widget elementor-widget-text-editor\" data-id=\"9dc5873\" data-element_type=\"widget\" data-widget_type=\"text-editor.default\">\n\t\t\t\t<div class=\"elementor-widget-container\">\n\t\t\t\t\t\t\t\t\t<p>The production of rubber products and plastics often involves the handling of aggressive materials, high pressures and temperatures. This can cause wear and stress on key machine components such as worm shafts, moulds or press plates.<\/p>\n<p>The rubber and plastics industry produces a wide range of products, and each may require different specific spare parts. For example, in the plastics industry, different moulds may require different inserts or mandrels.<\/p>\n<p>By being designed with these factors in mind, spare parts can be more effective and durable in the specific environment and operation of these industrial machines.<\/p>\n<p>The production of specific spare parts is therefore a key element in optimising operations in the rubber and plastics industry. The ability to manufacture these parts tailored to the needs of our customers brings many benefits such as faster repairs, lower maintenance costs and minimal machine downtime.<\/p>\n<p>Being able to manufacture specific spare parts allows us to offer a tailored service to our customers and provide them with a complete maintenance and repair solution.<\/p>\n\t\t\t\t\t\t\t\t<\/div>\n\t\t\t\t<\/div>\n\t\t\t\t\t<\/div>\n\t\t\t\t<\/div>\n\t\t<div class=\"elementor-element elementor-element-49c9c36 other e-flex e-con-boxed e-con e-child\" data-id=\"49c9c36\" data-element_type=\"container\">\n\t\t\t\t\t<div class=\"e-con-inner\">\n\t\t\t\t<div class=\"elementor-element elementor-element-ce10c03 elementor-widget elementor-widget-template\" data-id=\"ce10c03\" data-element_type=\"widget\" data-widget_type=\"template.default\">\n\t\t\t\t<div class=\"elementor-widget-container\">\n\t\t\t\t\t\t\t<div class=\"elementor-template\">\n\t\t\t\t\t<div data-elementor-type=\"container\" data-elementor-id=\"31284\" class=\"elementor elementor-31284 elementor-491 elementor-491\" data-elementor-post-type=\"elementor_library\">\n\t\t\t\t<div class=\"elementor-element elementor-element-6a3cfbcc elm-services-list e-flex e-con-boxed e-con e-child\" data-id=\"6a3cfbcc\" data-element_type=\"container\">\n\t\t\t\t\t<div class=\"e-con-inner\">\n\t\t\t\t<div class=\"elementor-element elementor-element-c4e86d1 elementor-widget elementor-widget-heading\" data-id=\"c4e86d1\" data-element_type=\"widget\" data-widget_type=\"heading.default\">\n\t\t\t\t<div class=\"elementor-widget-container\">\n\t\t\t\t\t<h2 class=\"elementor-heading-title elementor-size-default\">Another services<\/h2>\t\t\t\t<\/div>\n\t\t\t\t<\/div>\n\t\t\t\t<div class=\"elementor-element elementor-element-2d91099e elementor-widget elementor-widget-text-editor\" data-id=\"2d91099e\" data-element_type=\"widget\" data-widget_type=\"text-editor.default\">\n\t\t\t\t<div class=\"elementor-widget-container\">\n\t\t\t\t\t\t\t\t\t<ul>\n<li><a href=\"https:\/\/www.sogos-fanam.cz\/en\/services-and-solutions\/general-repairs-of-machines\/\">General repairs of machines<\/a><\/li>\n<li><a href=\"https:\/\/www.sogos-fanam.cz\/en\/services-and-solutions\/moving-assembly-lines-and-production-halls\/\">Moving assembly lines and production halls<\/a><\/li>\n<li><a href=\"https:\/\/www.sogos-fanam.cz\/en\/services-and-solutions\/manufacture-and-installation-of-pneumatic-and-electrical-switchboards\/\">Manufacture and installation of pneumatic and electrical switchboards<\/a><\/li>\n<li><a href=\"https:\/\/www.sogos-fanam.cz\/en\/services-and-solutions\/design-and-manufacture-of-machines\/\">Design and manufacture of machines<\/a><\/li>\n<li><a href=\"https:\/\/www.sogos-fanam.cz\/en\/services-and-solutions\/production-of-spare-parts\/\">Production of spare parts<\/a><\/li>\n<li><a href=\"https:\/\/www.sogos-fanam.cz\/en\/services-and-solutions\/milling-and-machining\/\">Milling and machining<\/a><\/li>\n<li><a href=\"https:\/\/www.sogos-fanam.cz\/en\/services-and-solutions\/realization-of-piping-distribution\/\">Realization of piping distribution<\/a><\/li>\n<li><a href=\"https:\/\/www.sogos-fanam.cz\/en\/services-and-solutions\/welding-workshop-and-welding-school\/\">Welding workshop and welding school<\/a><\/li>\n<li><a href=\"https:\/\/www.sogos-fanam.cz\/en\/services-and-solutions\/manufacture-of-steel-structures\/\">Manufacture of steel structures<\/a><\/li>\n<li><a href=\"https:\/\/www.sogos-fanam.cz\/en\/services-and-solutions\/rytebna\/\">Rytebna<\/a><\/li>\n<li><a href=\"https:\/\/www.sogos-fanam.cz\/en\/services-and-solutions\/service-inspection-and-revision-of-appliances-and-hand-tools\/\">Service, inspection and revision of appliances and hand tools<\/a><\/li>\n<\/ul>\n\t\t\t\t\t\t\t\t<\/div>\n\t\t\t\t<\/div>\n\t\t\t\t\t<\/div>\n\t\t\t\t<\/div>\n\t\t\t\t<\/div>\n\t\t\t\t<\/div>\n\t\t\t\t\t\t<\/div>\n\t\t\t\t<\/div>\n\t\t\t\t\t<\/div>\n\t\t\t\t<\/div>\n\t\t\t\t\t<\/div>\n\t\t\t\t<\/div>\n\t\t\t\t\t<\/div>\n\t\t\t\t<\/div>\n\t\t\t\t<\/div>\n\t\t","protected":false},"excerpt":{"rendered":"<p>Production of spare parts Machines in the rubber and plastics industry often have specific spare parts due to their specific purpose and demanding working environment. The production of rubber products and plastics often involves the handling of aggressive materials, high pressures and temperatures. This can cause wear and stress on key machine components such as [&hellip;]<\/p>\n","protected":false},"author":1,"featured_media":0,"parent":19019,"menu_order":4,"comment_status":"closed","ping_status":"closed","template":"","meta":{"footnotes":""},"class_list":["post-28354","page","type-page","status-publish","hentry"],"yoast_head":"<!-- This site is optimized with the Yoast SEO plugin v27.5 - https:\/\/yoast.com\/product\/yoast-seo-wordpress\/ -->\n<title>Production of spare parts - Sogos Fanam<\/title>\n<meta name=\"description\" content=\"Machines in the rubber and plastics industry often have specific spare parts due to their specific purpose and demanding working environment.\" \/>\n<meta name=\"robots\" content=\"index, follow, max-snippet:-1, max-image-preview:large, max-video-preview:-1\" \/>\n<link rel=\"canonical\" href=\"https:\/\/www.sogos-fanam.cz\/en\/services-and-solutions\/production-of-spare-parts\/\" \/>\n<meta property=\"og:locale\" content=\"en_US\" \/>\n<meta property=\"og:type\" content=\"article\" \/>\n<meta property=\"og:title\" content=\"Production of spare parts - Sogos Fanam\" \/>\n<meta property=\"og:description\" content=\"Machines in the rubber and plastics industry often have specific spare parts due to their specific purpose and demanding working environment.\" \/>\n<meta property=\"og:url\" content=\"https:\/\/www.sogos-fanam.cz\/en\/services-and-solutions\/production-of-spare-parts\/\" \/>\n<meta property=\"og:site_name\" content=\"Sogos Fanam\" \/>\n<meta property=\"article:modified_time\" content=\"2024-06-27T07:04:02+00:00\" \/>\n<meta property=\"og:image\" content=\"https:\/\/www.sogos-fanam.cz\/wp-content\/uploads\/bg-headline-scaled.jpg\" \/>\n<meta name=\"twitter:card\" content=\"summary_large_image\" \/>\n<meta name=\"twitter:label1\" content=\"Est. reading time\" \/>\n\t<meta name=\"twitter:data1\" content=\"1 minute\" \/>\n<script type=\"application\/ld+json\" class=\"yoast-schema-graph\">{\"@context\":\"https:\\\/\\\/schema.org\",\"@graph\":[{\"@type\":\"WebPage\",\"@id\":\"https:\\\/\\\/www.sogos-fanam.cz\\\/en\\\/services-and-solutions\\\/production-of-spare-parts\\\/\",\"url\":\"https:\\\/\\\/www.sogos-fanam.cz\\\/en\\\/services-and-solutions\\\/production-of-spare-parts\\\/\",\"name\":\"Production of spare parts - Sogos Fanam\",\"isPartOf\":{\"@id\":\"https:\\\/\\\/www.sogos-fanam.cz\\\/en\\\/#website\"},\"primaryImageOfPage\":{\"@id\":\"https:\\\/\\\/www.sogos-fanam.cz\\\/en\\\/services-and-solutions\\\/production-of-spare-parts\\\/#primaryimage\"},\"image\":{\"@id\":\"https:\\\/\\\/www.sogos-fanam.cz\\\/en\\\/services-and-solutions\\\/production-of-spare-parts\\\/#primaryimage\"},\"thumbnailUrl\":\"https:\\\/\\\/www.sogos-fanam.cz\\\/wp-content\\\/uploads\\\/bg-headline-scaled.jpg\",\"datePublished\":\"2024-02-29T11:50:07+00:00\",\"dateModified\":\"2024-06-27T07:04:02+00:00\",\"description\":\"Machines in the rubber and plastics industry often have specific spare parts due to their specific purpose and demanding working environment.\",\"breadcrumb\":{\"@id\":\"https:\\\/\\\/www.sogos-fanam.cz\\\/en\\\/services-and-solutions\\\/production-of-spare-parts\\\/#breadcrumb\"},\"inLanguage\":\"en-US\",\"potentialAction\":[{\"@type\":\"ReadAction\",\"target\":[\"https:\\\/\\\/www.sogos-fanam.cz\\\/en\\\/services-and-solutions\\\/production-of-spare-parts\\\/\"]}]},{\"@type\":\"ImageObject\",\"inLanguage\":\"en-US\",\"@id\":\"https:\\\/\\\/www.sogos-fanam.cz\\\/en\\\/services-and-solutions\\\/production-of-spare-parts\\\/#primaryimage\",\"url\":\"https:\\\/\\\/www.sogos-fanam.cz\\\/wp-content\\\/uploads\\\/bg-headline-scaled.jpg\",\"contentUrl\":\"https:\\\/\\\/www.sogos-fanam.cz\\\/wp-content\\\/uploads\\\/bg-headline-scaled.jpg\"},{\"@type\":\"BreadcrumbList\",\"@id\":\"https:\\\/\\\/www.sogos-fanam.cz\\\/en\\\/services-and-solutions\\\/production-of-spare-parts\\\/#breadcrumb\",\"itemListElement\":[{\"@type\":\"ListItem\",\"position\":1,\"name\":\"Dom\u016f\",\"item\":\"https:\\\/\\\/www.sogos-fanam.cz\\\/en\\\/\"},{\"@type\":\"ListItem\",\"position\":2,\"name\":\"Services and solutions\",\"item\":\"https:\\\/\\\/www.sogos-fanam.cz\\\/en\\\/sluzby-a-reseni\\\/\"},{\"@type\":\"ListItem\",\"position\":3,\"name\":\"Production of spare parts\"}]},{\"@type\":\"WebSite\",\"@id\":\"https:\\\/\\\/www.sogos-fanam.cz\\\/en\\\/#website\",\"url\":\"https:\\\/\\\/www.sogos-fanam.cz\\\/en\\\/\",\"name\":\"Sogos Fanam\",\"description\":\"Sogos Fanam\",\"publisher\":{\"@id\":\"https:\\\/\\\/www.sogos-fanam.cz\\\/en\\\/#organization\"},\"potentialAction\":[{\"@type\":\"SearchAction\",\"target\":{\"@type\":\"EntryPoint\",\"urlTemplate\":\"https:\\\/\\\/www.sogos-fanam.cz\\\/en\\\/?s={search_term_string}\"},\"query-input\":{\"@type\":\"PropertyValueSpecification\",\"valueRequired\":true,\"valueName\":\"search_term_string\"}}],\"inLanguage\":\"en-US\"},{\"@type\":\"Organization\",\"@id\":\"https:\\\/\\\/www.sogos-fanam.cz\\\/en\\\/#organization\",\"name\":\"Sogos Fanam\",\"url\":\"https:\\\/\\\/www.sogos-fanam.cz\\\/en\\\/\",\"logo\":{\"@type\":\"ImageObject\",\"inLanguage\":\"en-US\",\"@id\":\"https:\\\/\\\/www.sogos-fanam.cz\\\/en\\\/#\\\/schema\\\/logo\\\/image\\\/\",\"url\":\"https:\\\/\\\/www.sogos-fanam.cz\\\/wp-content\\\/uploads\\\/logo.svg\",\"contentUrl\":\"https:\\\/\\\/www.sogos-fanam.cz\\\/wp-content\\\/uploads\\\/logo.svg\",\"caption\":\"Sogos Fanam\"},\"image\":{\"@id\":\"https:\\\/\\\/www.sogos-fanam.cz\\\/en\\\/#\\\/schema\\\/logo\\\/image\\\/\"}}]}<\/script>\n<!-- \/ Yoast SEO plugin. -->","yoast_head_json":{"title":"Production of spare parts - Sogos Fanam","description":"Machines in the rubber and plastics industry often have specific spare parts due to their specific purpose and demanding working environment.","robots":{"index":"index","follow":"follow","max-snippet":"max-snippet:-1","max-image-preview":"max-image-preview:large","max-video-preview":"max-video-preview:-1"},"canonical":"https:\/\/www.sogos-fanam.cz\/en\/services-and-solutions\/production-of-spare-parts\/","og_locale":"en_US","og_type":"article","og_title":"Production of spare parts - Sogos Fanam","og_description":"Machines in the rubber and plastics industry often have specific spare parts due to their specific purpose and demanding working environment.","og_url":"https:\/\/www.sogos-fanam.cz\/en\/services-and-solutions\/production-of-spare-parts\/","og_site_name":"Sogos Fanam","article_modified_time":"2024-06-27T07:04:02+00:00","og_image":[{"url":"https:\/\/www.sogos-fanam.cz\/wp-content\/uploads\/bg-headline-scaled.jpg","type":"","width":"","height":""}],"twitter_card":"summary_large_image","twitter_misc":{"Est. reading time":"1 minute"},"schema":{"@context":"https:\/\/schema.org","@graph":[{"@type":"WebPage","@id":"https:\/\/www.sogos-fanam.cz\/en\/services-and-solutions\/production-of-spare-parts\/","url":"https:\/\/www.sogos-fanam.cz\/en\/services-and-solutions\/production-of-spare-parts\/","name":"Production of spare parts - Sogos Fanam","isPartOf":{"@id":"https:\/\/www.sogos-fanam.cz\/en\/#website"},"primaryImageOfPage":{"@id":"https:\/\/www.sogos-fanam.cz\/en\/services-and-solutions\/production-of-spare-parts\/#primaryimage"},"image":{"@id":"https:\/\/www.sogos-fanam.cz\/en\/services-and-solutions\/production-of-spare-parts\/#primaryimage"},"thumbnailUrl":"https:\/\/www.sogos-fanam.cz\/wp-content\/uploads\/bg-headline-scaled.jpg","datePublished":"2024-02-29T11:50:07+00:00","dateModified":"2024-06-27T07:04:02+00:00","description":"Machines in the rubber and plastics industry often have specific spare parts due to their specific purpose and demanding working environment.","breadcrumb":{"@id":"https:\/\/www.sogos-fanam.cz\/en\/services-and-solutions\/production-of-spare-parts\/#breadcrumb"},"inLanguage":"en-US","potentialAction":[{"@type":"ReadAction","target":["https:\/\/www.sogos-fanam.cz\/en\/services-and-solutions\/production-of-spare-parts\/"]}]},{"@type":"ImageObject","inLanguage":"en-US","@id":"https:\/\/www.sogos-fanam.cz\/en\/services-and-solutions\/production-of-spare-parts\/#primaryimage","url":"https:\/\/www.sogos-fanam.cz\/wp-content\/uploads\/bg-headline-scaled.jpg","contentUrl":"https:\/\/www.sogos-fanam.cz\/wp-content\/uploads\/bg-headline-scaled.jpg"},{"@type":"BreadcrumbList","@id":"https:\/\/www.sogos-fanam.cz\/en\/services-and-solutions\/production-of-spare-parts\/#breadcrumb","itemListElement":[{"@type":"ListItem","position":1,"name":"Dom\u016f","item":"https:\/\/www.sogos-fanam.cz\/en\/"},{"@type":"ListItem","position":2,"name":"Services and solutions","item":"https:\/\/www.sogos-fanam.cz\/en\/sluzby-a-reseni\/"},{"@type":"ListItem","position":3,"name":"Production of spare parts"}]},{"@type":"WebSite","@id":"https:\/\/www.sogos-fanam.cz\/en\/#website","url":"https:\/\/www.sogos-fanam.cz\/en\/","name":"Sogos Fanam","description":"Sogos Fanam","publisher":{"@id":"https:\/\/www.sogos-fanam.cz\/en\/#organization"},"potentialAction":[{"@type":"SearchAction","target":{"@type":"EntryPoint","urlTemplate":"https:\/\/www.sogos-fanam.cz\/en\/?s={search_term_string}"},"query-input":{"@type":"PropertyValueSpecification","valueRequired":true,"valueName":"search_term_string"}}],"inLanguage":"en-US"},{"@type":"Organization","@id":"https:\/\/www.sogos-fanam.cz\/en\/#organization","name":"Sogos Fanam","url":"https:\/\/www.sogos-fanam.cz\/en\/","logo":{"@type":"ImageObject","inLanguage":"en-US","@id":"https:\/\/www.sogos-fanam.cz\/en\/#\/schema\/logo\/image\/","url":"https:\/\/www.sogos-fanam.cz\/wp-content\/uploads\/logo.svg","contentUrl":"https:\/\/www.sogos-fanam.cz\/wp-content\/uploads\/logo.svg","caption":"Sogos Fanam"},"image":{"@id":"https:\/\/www.sogos-fanam.cz\/en\/#\/schema\/logo\/image\/"}}]}},"_links":{"self":[{"href":"https:\/\/www.sogos-fanam.cz\/en\/wp-json\/wp\/v2\/pages\/28354","targetHints":{"allow":["GET"]}}],"collection":[{"href":"https:\/\/www.sogos-fanam.cz\/en\/wp-json\/wp\/v2\/pages"}],"about":[{"href":"https:\/\/www.sogos-fanam.cz\/en\/wp-json\/wp\/v2\/types\/page"}],"author":[{"embeddable":true,"href":"https:\/\/www.sogos-fanam.cz\/en\/wp-json\/wp\/v2\/users\/1"}],"replies":[{"embeddable":true,"href":"https:\/\/www.sogos-fanam.cz\/en\/wp-json\/wp\/v2\/comments?post=28354"}],"version-history":[{"count":3,"href":"https:\/\/www.sogos-fanam.cz\/en\/wp-json\/wp\/v2\/pages\/28354\/revisions"}],"predecessor-version":[{"id":28357,"href":"https:\/\/www.sogos-fanam.cz\/en\/wp-json\/wp\/v2\/pages\/28354\/revisions\/28357"}],"up":[{"embeddable":true,"href":"https:\/\/www.sogos-fanam.cz\/en\/wp-json\/wp\/v2\/pages\/19019"}],"wp:attachment":[{"href":"https:\/\/www.sogos-fanam.cz\/en\/wp-json\/wp\/v2\/media?parent=28354"}],"curies":[{"name":"wp","href":"https:\/\/api.w.org\/{rel}","templated":true}]}}